{"id":303,"date":"2023-07-11T11:00:01","date_gmt":"2023-07-11T11:00:01","guid":{"rendered":"https:\/\/viennaguru.com\/about\/"},"modified":"2024-06-12T14:18:39","modified_gmt":"2024-06-12T14:18:39","slug":"about","status":"publish","type":"page","link":"https:\/\/viennaguru.com\/es\/about\/","title":{"rendered":"About"},"content":{"rendered":"\n<figure class=\"wp-block-image size-large\"><img loading=\"lazy\" decoding=\"async\" width=\"1024\" height=\"768\" src=\"https:\/\/viennaguru.com\/wp-content\/uploads\/2024\/03\/Alex-el-autor-de-Viennaguru.com_-1024x768.jpg\" alt=\"\" class=\"wp-image-4104\" srcset=\"https:\/\/viennaguru.com\/wp-content\/uploads\/2024\/03\/Alex-el-autor-de-Viennaguru.com_-1024x768.jpg 1024w, https:\/\/viennaguru.com\/wp-content\/uploads\/2024\/03\/Alex-el-autor-de-Viennaguru.com_-300x225.jpg 300w, https:\/\/viennaguru.com\/wp-content\/uploads\/2024\/03\/Alex-el-autor-de-Viennaguru.com_-768x576.jpg 768w, https:\/\/viennaguru.com\/wp-content\/uploads\/2024\/03\/Alex-el-autor-de-Viennaguru.com_-1536x1152.jpg 1536w, https:\/\/viennaguru.com\/wp-content\/uploads\/2024\/03\/Alex-el-autor-de-Viennaguru.com_.jpg 1600w\" sizes=\"auto, (max-width: 1024px) 100vw, 1024px\" \/><\/figure>\n\n\n\n<p>Hola, soy <strong>Alex<\/strong> y estoy feliz de darte la bienvenida a mi <strong>blog completamente dedicado a Viena<\/strong>.<\/p>\n\n\n\n<p><em>Breve presentaci\u00f3n:<\/em><\/p>\n\n\n\n<p>Soy un n\u00f3mada digital \u00absedentario\u00bb desde 2012.<\/p>\n\n\n\n<p>\u00bfPor qu\u00e9 \u00absedentario\u00bb?<\/p>\n\n\n\n<p>Viajo despacio, y me quedo en los lugares que visito durante varias semanas, hasta llegar, en ciertos casos, a 6 o m\u00e1s meses.<\/p>\n\n\n\n<p>He vivido en m\u00e1s de 15 ciudades en Europa, \u00c1frica del Norte y Oriente Medio, y Viena es una de las ciudades que se ha quedado en mi coraz\u00f3n. Por eso decid\u00ed abrir un blog completamente dedicado a la capital austriaca.<\/p>\n\n\n\n<p>Desde 2021 he transformado esta pasi\u00f3n por los viajes en un trabajo a tiempo completo, convirti\u00e9ndome en escritor de viajes y especializ\u00e1ndome en algunas de las ciudades en las que he vivido.<\/p>\n\n\n\n<p>El hecho de haber pasado varios meses en Viena (y de volver cada a\u00f1o, \u00faltima visita: octubre de 2023) <strong>me ha permitido crear gu\u00edas s\u00faper detalladas<\/strong> para ayudar a viajeros como t\u00fa a planificar su propio viaje.<\/p>\n\n\n\n<h1 class=\"wp-block-heading\">\u00bfMi misi\u00f3n?<\/h1>\n\n\n\n<p>Vienna Guru naci\u00f3 con el prop\u00f3sito de crear una <strong>gu\u00eda completa, actualizada y gratuita,<\/strong> que pueda ayudar a quienes, como t\u00fa, est\u00e1n planificando un viaje a Viena, a encontrar toda la informaci\u00f3n \u00fatil sin volverse locos y sin necesidad de comprar las t\u00edpicas gu\u00edas de bolsillo (a menudo, por desgracia, desactualizadas y con informaci\u00f3n inexacta).<\/p>\n\n\n\n<h1 class=\"wp-block-heading\"><strong>Qu\u00e9 encontrar\u00e1s en Vienna Guru<\/strong><\/h1>\n\n\n\n<p>En Vienna Guru encontrar\u00e1s:<\/p>\n\n\n\n<ul class=\"wp-block-list\">\n<li><strong>Itinerarios detallados<\/strong> que van desde 1 hasta 7 d\u00edas<\/li>\n\n\n\n<li><strong>Consejos \u00fatiles y pr\u00e1cticos<\/strong> para planificar tu viaje perfecto (d\u00f3nde dormir, cu\u00e1ntos d\u00edas quedarse, cu\u00e1ndo ir, etc.)<\/li>\n\n\n\n<li><strong>Rese\u00f1as hist\u00f3ricas y curiosidades<\/strong> que pocos conocen sobre esta maravillosa capital europea<\/li>\n<\/ul>\n\n\n\n<p>Para encontrar la informaci\u00f3n, puedes utilizar el bot\u00f3n de b\u00fasqueda que encuentras arriba. O visitar la <a href=\"https:\/\/viennaguru.com\/blog\/\">**<\/a>p\u00e1gina principal** que funciona como un \u00absumario\u00bb para <strong>encontrar f\u00e1cilmente los art\u00edculos m\u00e1s importantes<\/strong> y \u00fatiles.<\/p>\n\n\n\n<p>Para cualquier pregunta, en caso de que no encuentres la informaci\u00f3n que buscas, puedes dejar un comentario debajo de uno de mis art\u00edculos, o contactarme desde la <a href=\"https:\/\/viennaguru.com\/es\/contacto\/\" class=\"ek-link\"><strong>p\u00e1gina de contacto<\/strong><\/a>.<\/p>\n\n\n\n<p>Buen viaje,<\/p>\n\n\n\n<p>Alex.<\/p>\n","protected":false},"excerpt":{"rendered":"<p>Hola, soy Alex y estoy feliz de darte la bienvenida a mi blog completamente dedicado a Viena. Breve presentaci\u00f3n: Soy un n\u00f3mada digital \u00absedentario\u00bb desde 2012. \u00bfPor qu\u00e9 \u00absedentario\u00bb? Viajo despacio, y me quedo en los lugares que visito durante varias semanas, hasta llegar, en ciertos casos, a 6 o m\u00e1s meses. He vivido en&#8230;<\/p>\n","protected":false},"author":1,"featured_media":0,"parent":0,"menu_order":0,"comment_status":"closed","ping_status":"closed","template":"","meta":{"_editorskit_title_hidden":false,"_editorskit_reading_time":0,"_editorskit_is_block_options_detached":false,"_editorskit_block_options_position":"{}","_kad_blocks_custom_css":"","_kad_blocks_head_custom_js":"","_kad_blocks_body_custom_js":"","_kad_blocks_footer_custom_js":"","_kadence_starter_templates_imported_post":false,"_kad_post_transparent":"","_kad_post_title":"","_kad_post_layout":"","_kad_post_sidebar_id":"","_kad_post_content_style":"","_kad_post_vertical_padding":"","_kad_post_feature":"","_kad_post_feature_position":"","_kad_post_header":false,"_kad_post_footer":false,"footnotes":""},"class_list":["post-303","page","type-page","status-publish","hentry"],"taxonomy_info":[],"featured_image_src_large":false,"author_info":{"display_name":"Alex","author_link":"https:\/\/viennaguru.com\/es\/author\/alexb89\/"},"comment_info":0,"_links":{"self":[{"href":"https:\/\/viennaguru.com\/es\/wp-json\/wp\/v2\/pages\/303","targetHints":{"allow":["GET"]}}],"collection":[{"href":"https:\/\/viennaguru.com\/es\/wp-json\/wp\/v2\/pages"}],"about":[{"href":"https:\/\/viennaguru.com\/es\/wp-json\/wp\/v2\/types\/page"}],"author":[{"embeddable":true,"href":"https:\/\/viennaguru.com\/es\/wp-json\/wp\/v2\/users\/1"}],"replies":[{"embeddable":true,"href":"https:\/\/viennaguru.com\/es\/wp-json\/wp\/v2\/comments?post=303"}],"version-history":[{"count":6,"href":"https:\/\/viennaguru.com\/es\/wp-json\/wp\/v2\/pages\/303\/revisions"}],"predecessor-version":[{"id":6796,"href":"https:\/\/viennaguru.com\/es\/wp-json\/wp\/v2\/pages\/303\/revisions\/6796"}],"wp:attachment":[{"href":"https:\/\/viennaguru.com\/es\/wp-json\/wp\/v2\/media?parent=303"}],"curies":[{"name":"wp","href":"https:\/\/api.w.org\/{rel}","templated":true}]}}