{"id":466,"date":"2023-07-12T16:25:57","date_gmt":"2023-07-12T16:25:57","guid":{"rendered":"https:\/\/viennaguru.com\/contatti\/"},"modified":"2023-07-12T16:43:30","modified_gmt":"2023-07-12T16:43:30","slug":"contacto","status":"publish","type":"page","link":"https:\/\/viennaguru.com\/es\/contacto\/","title":{"rendered":"Contacto"},"content":{"rendered":"\n<p>Hola, \u00bftienes m\u00e1s preguntas a las que no has encontrado respuesta? \u00bfDudas? \u00bfCuriosidades sobre Viena? \u00bfQuieres colaborar conmigo?<\/p>\n\n\n\n<p>Si no encuentras la informaci\u00f3n que buscas utilizando la funci\u00f3n de b\u00fasqueda (la encontrar\u00e1s en la parte superior), no dudes en contactarme a trav\u00e9s del formulario que encontrar\u00e1s a continuaci\u00f3n.<\/p>\n\n\n\n<p>Te responder\u00e9 por correo electr\u00f3nico lo m\u00e1s pronto posible (generalmente dentro de las 48-72 horas).<\/p>\n\n\n\n<p>Despu\u00e9s de hacer clic en \u00abenviar\u00bb, ser\u00e1s redirigido a la p\u00e1gina \u00abBlog\u00bb.<\/p>\n\n\n<style>.kadence-form-_5617b1-b4 .kadence-blocks-form-success{color:var(--global-palette1, #3182CE);background:rgba(0, 0, 0, 0.34);}.kb-form input.kadence-blocks-field.verify{opacity:0.0;position:absolute;top:0.0;left:0.0;width:0.0;height:0.0;z-index:-1;}<\/style>\n<div class=\"wp-block-kadence-form kadence-form-_5617b1-b4 kb-form-wrap\"><form class=\"kb-form\" action=\"\" method=\"post\"><div class=\"kadence-blocks-form-field kb-field-desk-width-100 kb-input-size-standard\"><label for=\"kb_field__5617b1-b4_0\">Tu nombre<span class=\"required\">*<\/span><\/label><input name=\"kb_field_0\" id=\"kb_field__5617b1-b4_0\" data-label=\"Tu nombre\" type=\"text\" placeholder=\"\" value=\"\" data-type=\"text\" class=\"kb-field kb-text-style-field kb-text-field kb-field-0\" data-required=\"yes\"\/><\/div><div class=\"kadence-blocks-form-field kb-form-field-1 kb-field-desk-width-100 kb-input-size-standard\"><label for=\"kb_field__5617b1-b4_1\">Tu email<span class=\"required\">*<\/span><\/label><input name=\"kb_field_1\" id=\"kb_field__5617b1-b4_1\" data-label=\"Tu email\" type=\"email\" placeholder=\"\" value=\"\" data-type=\"email\" class=\"kb-field kb-text-style-field kb-email-field kb-field-1\" data-required=\"yes\"\/><\/div><div class=\"kadence-blocks-form-field kb-form-field-2 kb-field-desk-width-100 kb-input-size-standard\"><label for=\"kb_field__5617b1-b4_2\">Escribe aqu\u00ed tu mensaje<span class=\"required\">*<\/span><\/label><textarea name=\"kb_field_2\" id=\"kb_field__5617b1-b4_2\" data-label=\"Escribe aqu\u00ed tu mensaje\" type=\"textarea\" placeholder=\"\" data-type=\"textarea\" class=\"kb-field kb-text-style-field kb-textarea-field kb-field-2\" rows=\"4\" data-required=\"yes\"><\/textarea><\/div><div class=\"kadence-blocks-form-field kb-form-field-3 kb-field-desk-width-100 kb-input-size-standard kb-accept-form-field\"><input type=\"checkbox\" name=\"kb_field_3\" id=\"kb_field__5617b1-b4_3\" class=\"kb-field kb-checkbox-style kb-accept\" value=\"accept\" data-type=\"accept\" data-required=\"yes\"\/><label for=\"kb_field__5617b1-b4_3\">Acuerdo RGPD<span class=\"required\">*<\/span><\/label><span class=\"kb-field-help\">Al completar este formulario, est\u00e1s compartiendo informaci\u00f3n personal que ser\u00e1 gestionada de manera segura y en conformidad con el RGPD (Reglamento General de Protecci\u00f3n de Datos). Tu consentimiento expl\u00edcito, confirmado al marcar la casilla de aceptaci\u00f3n, nos brinda la legitimaci\u00f3n para hacerlo. Tienes el derecho de acceder a tus datos, rectificarlos, limitar su tratamiento y solicitar su eliminaci\u00f3n definitiva. Puedes obtener m\u00e1s detalles sobre la Protecci\u00f3n de Datos en nuestra pol\u00edtica de privacidad.<\/span><\/div><input type=\"hidden\" name=\"_kb_form_id\" value=\"_5617b1-b4\"\/><input type=\"hidden\" name=\"_kb_form_post_id\" value=\"466\"\/><input type=\"hidden\" name=\"action\" value=\"kb_process_ajax_submit\"\/><label class=\"kadence-verify-label\">Email<input class=\"kadence-blocks-field verify\" type=\"text\" name=\"_kb_verify_email\" autocomplete=\"new-password\" aria-hidden=\"true\" placeholder=\"Email\" tabindex=\"-1\" data-1p-ignore=\"true\" data-lpignore=\"true\" \/><\/label><div class=\"kadence-blocks-form-field kb-submit-field kb-field-desk-width-100\"><button class=\"kb-forms-submit button kb-button-size-standard kb-button-width-auto\">Env\u00eda el mensaje<\/button><\/div><\/form><\/div>\n<noscript><div class=\"kadence-blocks-form-message kadence-blocks-form-warning\">Activar JavaScript en tu navegador para enviar el formulario<\/div><style>.kadence-form-_5617b1-b4 .kadence-blocks-form-field.kb-submit-field { display: none; }<\/style><\/noscript>","protected":false},"excerpt":{"rendered":"<p>Hola, \u00bftienes m\u00e1s preguntas a las que no has encontrado respuesta? \u00bfDudas? \u00bfCuriosidades sobre Viena? \u00bfQuieres colaborar conmigo? Si no encuentras la informaci\u00f3n que buscas utilizando la funci\u00f3n de b\u00fasqueda (la encontrar\u00e1s en la parte superior), no dudes en contactarme a trav\u00e9s del formulario que encontrar\u00e1s a continuaci\u00f3n. Te responder\u00e9 por correo electr\u00f3nico lo m\u00e1s&#8230;<\/p>\n","protected":false},"author":1,"featured_media":0,"parent":0,"menu_order":0,"comment_status":"closed","ping_status":"closed","template":"","meta":{"_editorskit_title_hidden":false,"_editorskit_reading_time":0,"_editorskit_is_block_options_detached":false,"_editorskit_block_options_position":"{}","_kad_blocks_custom_css":"","_kad_blocks_head_custom_js":"","_kad_blocks_body_custom_js":"","_kad_blocks_footer_custom_js":"","_kadence_starter_templates_imported_post":false,"_kad_post_transparent":"","_kad_post_title":"","_kad_post_layout":"","_kad_post_sidebar_id":"","_kad_post_content_style":"","_kad_post_vertical_padding":"","_kad_post_feature":"","_kad_post_feature_position":"","_kad_post_header":false,"_kad_post_footer":false,"footnotes":""},"class_list":["post-466","page","type-page","status-publish","hentry"],"taxonomy_info":[],"featured_image_src_large":false,"author_info":{"display_name":"Alex","author_link":"https:\/\/viennaguru.com\/es\/author\/alexb89\/"},"comment_info":0,"_links":{"self":[{"href":"https:\/\/viennaguru.com\/es\/wp-json\/wp\/v2\/pages\/466","targetHints":{"allow":["GET"]}}],"collection":[{"href":"https:\/\/viennaguru.com\/es\/wp-json\/wp\/v2\/pages"}],"about":[{"href":"https:\/\/viennaguru.com\/es\/wp-json\/wp\/v2\/types\/page"}],"author":[{"embeddable":true,"href":"https:\/\/viennaguru.com\/es\/wp-json\/wp\/v2\/users\/1"}],"replies":[{"embeddable":true,"href":"https:\/\/viennaguru.com\/es\/wp-json\/wp\/v2\/comments?post=466"}],"version-history":[{"count":10,"href":"https:\/\/viennaguru.com\/es\/wp-json\/wp\/v2\/pages\/466\/revisions"}],"predecessor-version":[{"id":486,"href":"https:\/\/viennaguru.com\/es\/wp-json\/wp\/v2\/pages\/466\/revisions\/486"}],"wp:attachment":[{"href":"https:\/\/viennaguru.com\/es\/wp-json\/wp\/v2\/media?parent=466"}],"curies":[{"name":"wp","href":"https:\/\/api.w.org\/{rel}","templated":true}]}}