{"id":6786,"date":"2024-06-12T09:34:12","date_gmt":"2024-06-12T09:34:12","guid":{"rendered":"https:\/\/viennaguru.com\/termini-e-condizioni-duso\/"},"modified":"2024-06-12T14:15:42","modified_gmt":"2024-06-12T14:15:42","slug":"aviso-legal","status":"publish","type":"page","link":"https:\/\/viennaguru.com\/es\/aviso-legal\/","title":{"rendered":"Aviso Legal"},"content":{"rendered":"\n<p>Bienvenid@ a Vienna Guru (<a href=\"https:\/\/viennaguru.com\/es\/\" target=\"_blank\" aria-label=\" (opens in a new tab)\" rel=\"noreferrer noopener\" class=\"ek-link\">viennaguru.com<\/a>). Nuestro sitio es una gu\u00eda pr\u00e1ctica y gratuita dise\u00f1ada para asistir a los usuarios en la planificaci\u00f3n aut\u00f3noma de sus viajes a Viena.<\/p>\n\n\n\n<p>Al acceder y utilizar nuestro sitio, aceptas cumplir con los siguientes T\u00e9rminos y Condiciones y declaras tener la capacidad legal para utilizarlo de manera conforme a estos T\u00e9rminos y Condiciones de uso.<\/p>\n\n\n\n<h2 class=\"wp-block-heading\">Responsabilidad de los usuarios<\/h2>\n\n\n\n<p>Los usuarios deben utilizar el sitio de manera l\u00edcita y respetuosa. Deben evitar comportamientos que puedan da\u00f1ar, deshabilitar, sobrecargar o comprometer el sitio o interferir con el uso y disfrute del sitio por parte de otros usuarios. Es responsabilidad de los usuarios revisar regularmente los T\u00e9rminos para posibles actualizaciones. El uso indebido del sitio, incluidos, pero no limitados a, intentos de hacking, env\u00edo de spam o carga de contenidos da\u00f1inos, resultar\u00e1 en la suspensi\u00f3n o terminaci\u00f3n inmediata del acceso al sitio.<\/p>\n\n\n\n<h2 class=\"wp-block-heading\">Reservas a trav\u00e9s de enlaces y widgets<\/h2>\n\n\n\n<p>Vienna Guru participa en programas de afiliaci\u00f3n con booking.com, getyourguide.com, civitatis.com y tiqets.com. Los enlaces presentes en el sitio, que dirigen a los sitios mencionados, pueden generar una peque\u00f1a comisi\u00f3n, sin ning\u00fan costo adicional para el usuario.<\/p>\n\n\n\n<p>Viennaguru.com se mantiene solo gracias a sus visitantes, que al adquirir servicios necesarios para el viaje (por ejemplo, una estancia en Booking) a trav\u00e9s de nuestros enlaces, permiten que el sitio siga activo, cubra los gastos y contin\u00fae siendo un recurso gratuito para todos.<\/p>\n\n\n\n<h2 class=\"wp-block-heading\">Derechos de propiedad intelectual<\/h2>\n\n\n\n<p>Todos los contenidos del sitio, incluidos textos, im\u00e1genes, logotipos y otros materiales, son de propiedad exclusiva de Alex Bulla y est\u00e1n protegidos por las leyes de derechos de autor y otros derechos de propiedad intelectual.<\/p>\n\n\n\n<p>Est\u00e1 prohibida la reproducci\u00f3n, incluso parcial, de los contenidos sin el consentimiento expl\u00edcito por escrito del propietario. Los usuarios pueden acceder a los contenidos del sitio solo para uso personal y no comercial. Cualquier uso no autorizado, incluida la modificaci\u00f3n, copia, transmisi\u00f3n, visualizaci\u00f3n, ejecuci\u00f3n, reproducci\u00f3n, publicaci\u00f3n, creaci\u00f3n de obras derivadas, transferencia o venta de informaci\u00f3n est\u00e1 estrictamente prohibido.<\/p>\n\n\n\n<h2 class=\"wp-block-heading\">Exclusi\u00f3n de responsabilidad y limitaci\u00f3n de responsabilidad<\/h2>\n\n\n\n<p>Todos los contenidos del sitio se proporcionan \u00abtal como est\u00e1n\u00bb, sin garant\u00edas de ning\u00fan tipo, expl\u00edcitas o impl\u00edcitas. No garantizamos la exactitud o integridad de la informaci\u00f3n y no somos responsables por posibles errores u omisiones. Rechazamos cualquier responsabilidad por da\u00f1os derivados del uso o la incapacidad de usar el sitio.<\/p>\n\n\n\n<p><strong>Importante<\/strong>: intento mantener el sitio actualizado y visito Viena al menos una vez al a\u00f1o, sin embargo, es posible que algunas informaciones cambien r\u00e1pidamente y sin previo aviso. Esto hace dif\u00edcil garantizar que toda la informaci\u00f3n est\u00e9 100% actualizada y correcta.<\/p>\n\n\n\n<h2 class=\"wp-block-heading\">Ley aplicable y jurisdicci\u00f3n<\/h2>\n\n\n\n<p>Estos T\u00e9rminos y Condiciones se rigen por las leyes italianas. Cualquier disputa derivada de o relacionada con estos T\u00e9rminos estar\u00e1 sujeta a la jurisdicci\u00f3n exclusiva de los tribunales italianos. Al utilizar el sitio, los usuarios aceptan someterse a la jurisdicci\u00f3n de dichos tribunales para la resoluci\u00f3n de cualquier disputa legal.<\/p>\n\n\n\n<h2 class=\"wp-block-heading\">Modificaciones a los t\u00e9rminos y condiciones<\/h2>\n\n\n\n<p>Nos reservamos el derecho de modificar los T\u00e9rminos y Condiciones en cualquier momento y a nuestra exclusiva discreci\u00f3n. Las modificaciones ser\u00e1n efectivas inmediatamente despu\u00e9s de su publicaci\u00f3n en el sitio. Es responsabilidad de los usuarios revisar peri\u00f3dicamente los T\u00e9rminos para posibles modificaciones. El uso continuo del sitio implica la aceptaci\u00f3n de las modificaciones realizadas.<\/p>\n\n\n\n<h2 class=\"wp-block-heading\">Contacto y reporte de violaciones<\/h2>\n\n\n\n<p>Para preguntas, comentarios o reporte de violaciones de los T\u00e9rminos y Condiciones, los usuarios pueden contactarnos a trav\u00e9s de nuestra <strong><a href=\"https:\/\/viennaguru.com\/es\/contacto\/\" class=\"ek-link\">p\u00e1gina de contacto<\/a><\/strong>. Nos comprometemos a responder r\u00e1pidamente a todas las solicitudes y a tomar las medidas apropiadas en caso de violaciones reportadas.<\/p>\n","protected":false},"excerpt":{"rendered":"<p>Bienvenid@ a Vienna Guru (viennaguru.com). Nuestro sitio es una gu\u00eda pr\u00e1ctica y gratuita dise\u00f1ada para asistir a los usuarios en la planificaci\u00f3n aut\u00f3noma de sus viajes a Viena. Al acceder y utilizar nuestro sitio, aceptas cumplir con los siguientes T\u00e9rminos y Condiciones y declaras tener la capacidad legal para utilizarlo de manera conforme a estos&#8230;<\/p>\n","protected":false},"author":1,"featured_media":0,"parent":0,"menu_order":0,"comment_status":"closed","ping_status":"closed","template":"","meta":{"_editorskit_title_hidden":false,"_editorskit_reading_time":0,"_editorskit_is_block_options_detached":false,"_editorskit_block_options_position":"{}","_kad_blocks_custom_css":"","_kad_blocks_head_custom_js":"","_kad_blocks_body_custom_js":"","_kad_blocks_footer_custom_js":"","_kadence_starter_templates_imported_post":false,"_kad_post_transparent":"","_kad_post_title":"","_kad_post_layout":"","_kad_post_sidebar_id":"","_kad_post_content_style":"","_kad_post_vertical_padding":"","_kad_post_feature":"","_kad_post_feature_position":"","_kad_post_header":false,"_kad_post_footer":false,"footnotes":""},"class_list":["post-6786","page","type-page","status-publish","hentry"],"taxonomy_info":[],"featured_image_src_large":false,"author_info":{"display_name":"Alex","author_link":"https:\/\/viennaguru.com\/es\/author\/alexb89\/"},"comment_info":0,"_links":{"self":[{"href":"https:\/\/viennaguru.com\/es\/wp-json\/wp\/v2\/pages\/6786","targetHints":{"allow":["GET"]}}],"collection":[{"href":"https:\/\/viennaguru.com\/es\/wp-json\/wp\/v2\/pages"}],"about":[{"href":"https:\/\/viennaguru.com\/es\/wp-json\/wp\/v2\/types\/page"}],"author":[{"embeddable":true,"href":"https:\/\/viennaguru.com\/es\/wp-json\/wp\/v2\/users\/1"}],"replies":[{"embeddable":true,"href":"https:\/\/viennaguru.com\/es\/wp-json\/wp\/v2\/comments?post=6786"}],"version-history":[{"count":6,"href":"https:\/\/viennaguru.com\/es\/wp-json\/wp\/v2\/pages\/6786\/revisions"}],"predecessor-version":[{"id":6794,"href":"https:\/\/viennaguru.com\/es\/wp-json\/wp\/v2\/pages\/6786\/revisions\/6794"}],"wp:attachment":[{"href":"https:\/\/viennaguru.com\/es\/wp-json\/wp\/v2\/media?parent=6786"}],"curies":[{"name":"wp","href":"https:\/\/api.w.org\/{rel}","templated":true}]}}