{"id":5054,"date":"2023-07-11T11:00:01","date_gmt":"2023-07-11T11:00:01","guid":{"rendered":"https:\/\/viennaguru.com\/about\/"},"modified":"2024-06-12T14:31:27","modified_gmt":"2024-06-12T14:31:27","slug":"about","status":"publish","type":"page","link":"https:\/\/viennaguru.com\/fr\/about\/","title":{"rendered":"About"},"content":{"rendered":"\n<figure class=\"wp-block-image size-large\"><img loading=\"lazy\" decoding=\"async\" width=\"1024\" height=\"768\" src=\"https:\/\/viennaguru.com\/wp-content\/uploads\/2024\/03\/Alex-lautore-di-Viennaguru.com_-1024x768.jpg\" alt=\"Alex, l'autore di Viennaguru.com\" class=\"wp-image-4097\" srcset=\"https:\/\/viennaguru.com\/wp-content\/uploads\/2024\/03\/Alex-lautore-di-Viennaguru.com_-1024x768.jpg 1024w, https:\/\/viennaguru.com\/wp-content\/uploads\/2024\/03\/Alex-lautore-di-Viennaguru.com_-300x225.jpg 300w, https:\/\/viennaguru.com\/wp-content\/uploads\/2024\/03\/Alex-lautore-di-Viennaguru.com_-768x576.jpg 768w, https:\/\/viennaguru.com\/wp-content\/uploads\/2024\/03\/Alex-lautore-di-Viennaguru.com_-1536x1152.jpg 1536w, https:\/\/viennaguru.com\/wp-content\/uploads\/2024\/03\/Alex-lautore-di-Viennaguru.com_.jpg 1600w\" sizes=\"auto, (max-width: 1024px) 100vw, 1024px\" \/><\/figure>\n\n\n\n<p>Bonjour, je suis <strong>Alex<\/strong> et je suis ravi de vous accueillir sur mon <strong>blog enti\u00e8rement d\u00e9di\u00e9 \u00e0 Vienne<\/strong>.<\/p>\n\n\n\n<p><em>Br\u00e8ve pr\u00e9sentation :<\/em><\/p>\n\n\n\n<p>Je suis un nomade digital \u00ab\u00a0s\u00e9dentaire\u00a0\u00bb depuis 2012.<\/p>\n\n\n\n<p>Pourquoi \u00ab\u00a0s\u00e9dentaire\u00a0\u00bb ?<\/p>\n\n\n\n<p>Je voyage lentement, et je m&rsquo;arr\u00eate dans les endroits que je visite pendant plusieurs semaines, voire jusqu\u2019\u00e0 6 mois ou plus.<\/p>\n\n\n\n<p>J&rsquo;ai v\u00e9cu dans plus de 15 villes en Europe, en Afrique du Nord et au Moyen-Orient. Vienne est l\u2019une des villes qui m&rsquo;a le plus marqu\u00e9, c&rsquo;est pourquoi j&rsquo;ai d\u00e9cid\u00e9 de lancer un blog enti\u00e8rement consacr\u00e9 \u00e0 la capitale autrichienne.<\/p>\n\n\n\n<p>Depuis 2021, j&rsquo;ai transform\u00e9 cette passion pour les voyages en un travail \u00e0 plein temps, devenant Travel Writer et me sp\u00e9cialisant dans certaines des villes o\u00f9 j&rsquo;ai v\u00e9cu.<\/p>\n\n\n\n<p>Le fait d&rsquo;avoir pass\u00e9 plusieurs mois \u00e0 Vienne (et d&rsquo;y retourner chaque ann\u00e9e, derni\u00e8re visite : octobre 2023) <strong>m&rsquo;a permis de cr\u00e9er des guides tr\u00e8s approfondis<\/strong> pour aider les voyageurs comme vous \u00e0 planifier leur voyage.<\/p>\n\n\n\n<h1 class=\"wp-block-heading\">Ma mission ?<\/h1>\n\n\n\n<p>Vienna Guru est n\u00e9 avec l&rsquo;objectif de cr\u00e9er un <strong>guide complet, mis \u00e0 jour et gratuit<\/strong>, pour aider ceux qui, comme vous, pr\u00e9parent un voyage \u00e0 Vienne, \u00e0 trouver toutes les informations utiles sans perdre la t\u00eate et sans avoir besoin d&rsquo;acheter les guides habituels (souvent malheureusement dat\u00e9s et avec des informations inexactes).<\/p>\n\n\n\n<h1 class=\"wp-block-heading\"><strong>Ce que vous trouvez sur Vienna Guru<\/strong><\/h1>\n\n\n\n<p>Sur Vienna Guru, vous trouvez :<\/p>\n\n\n\n<ul class=\"wp-block-list\">\n<li><strong>Des itin\u00e9raires d\u00e9taill\u00e9s<\/strong> de 1 \u00e0 7 jours<\/li>\n\n\n\n<li><strong>Des conseils<\/strong> <strong>utiles et pratiques<\/strong> pour planifier votre voyage parfait (o\u00f9 dormir, combien de jours rester, quand partir, etc.)<\/li>\n\n\n\n<li><strong>Des notes historiques et des curiosit\u00e9s<\/strong> que peu de gens connaissent sur cette merveilleuse capitale europ\u00e9enne<\/li>\n<\/ul>\n\n\n\n<p>Pour trouver les informations, vous pouvez utiliser le bouton de recherche en haut. Ou visiter la <a href=\"https:\/\/viennaguru.com\/blog\/\">**<\/a>page d&rsquo;accueil** qui sert de \u00ab\u00a0sommaire\u00a0\u00bb pour <strong>trouver facilement les articles les plus importants<\/strong> et utiles.<\/p>\n\n\n\n<p>Pour toute question, si vous ne trouvez pas les informations que vous cherchez, vous pouvez laisser un commentaire sous l&rsquo;un de mes articles, ou me contacter via la <a href=\"https:\/\/viennaguru.com\/fr\/contatti\/\" class=\"ek-link\"><strong>page de contact<\/strong><\/a>.<\/p>\n\n\n\n<p>Bon voyage,<\/p>\n\n\n\n<p>Alex.<\/p>\n","protected":false},"excerpt":{"rendered":"<p>Bonjour, je suis Alex et je suis ravi de vous accueillir sur mon blog enti\u00e8rement d\u00e9di\u00e9 \u00e0 Vienne. Br\u00e8ve pr\u00e9sentation : Je suis un nomade digital \u00ab\u00a0s\u00e9dentaire\u00a0\u00bb depuis 2012. Pourquoi \u00ab\u00a0s\u00e9dentaire\u00a0\u00bb ? Je voyage lentement, et je m&rsquo;arr\u00eate dans les endroits que je visite pendant plusieurs semaines, voire jusqu\u2019\u00e0 6 mois ou plus. J&rsquo;ai v\u00e9cu&#8230;<\/p>\n","protected":false},"author":1,"featured_media":0,"parent":0,"menu_order":0,"comment_status":"closed","ping_status":"closed","template":"","meta":{"_editorskit_title_hidden":false,"_editorskit_reading_time":0,"_editorskit_is_block_options_detached":false,"_editorskit_block_options_position":"{}","_kad_blocks_custom_css":"","_kad_blocks_head_custom_js":"","_kad_blocks_body_custom_js":"","_kad_blocks_footer_custom_js":"","_kadence_starter_templates_imported_post":false,"_kad_post_transparent":"","_kad_post_title":"","_kad_post_layout":"","_kad_post_sidebar_id":"","_kad_post_content_style":"","_kad_post_vertical_padding":"","_kad_post_feature":"","_kad_post_feature_position":"","_kad_post_header":false,"_kad_post_footer":false,"footnotes":""},"class_list":["post-5054","page","type-page","status-publish","hentry"],"taxonomy_info":[],"featured_image_src_large":false,"author_info":{"display_name":"Alex","author_link":"https:\/\/viennaguru.com\/fr\/author\/alexb89\/"},"comment_info":0,"_links":{"self":[{"href":"https:\/\/viennaguru.com\/fr\/wp-json\/wp\/v2\/pages\/5054","targetHints":{"allow":["GET"]}}],"collection":[{"href":"https:\/\/viennaguru.com\/fr\/wp-json\/wp\/v2\/pages"}],"about":[{"href":"https:\/\/viennaguru.com\/fr\/wp-json\/wp\/v2\/types\/page"}],"author":[{"embeddable":true,"href":"https:\/\/viennaguru.com\/fr\/wp-json\/wp\/v2\/users\/1"}],"replies":[{"embeddable":true,"href":"https:\/\/viennaguru.com\/fr\/wp-json\/wp\/v2\/comments?post=5054"}],"version-history":[{"count":8,"href":"https:\/\/viennaguru.com\/fr\/wp-json\/wp\/v2\/pages\/5054\/revisions"}],"predecessor-version":[{"id":6797,"href":"https:\/\/viennaguru.com\/fr\/wp-json\/wp\/v2\/pages\/5054\/revisions\/6797"}],"wp:attachment":[{"href":"https:\/\/viennaguru.com\/fr\/wp-json\/wp\/v2\/media?parent=5054"}],"curies":[{"name":"wp","href":"https:\/\/api.w.org\/{rel}","templated":true}]}}