{"id":5064,"date":"2023-07-12T16:25:57","date_gmt":"2023-07-12T16:25:57","guid":{"rendered":"https:\/\/viennaguru.com\/contatti\/"},"modified":"2024-06-12T14:33:40","modified_gmt":"2024-06-12T14:33:40","slug":"contact","status":"publish","type":"page","link":"https:\/\/viennaguru.com\/fr\/contact\/","title":{"rendered":"Contacts"},"content":{"rendered":"\n<p>Bonjour ! Avez-vous d&rsquo;autres questions sans r\u00e9ponse ? Des doutes ou des curiosit\u00e9s sur Vienne ? Souhaitez-vous collaborer avec moi ?<\/p>\n\n\n\n<p>Si vous ne trouvez pas les informations que vous cherchez en utilisant la fonction de recherche (que vous trouvez en haut), n&rsquo;h\u00e9sitez pas \u00e0 me contacter via le formulaire ci-dessous.<\/p>\n\n\n\n<p>Je vous r\u00e9pondrai par email d\u00e8s que possible, g\u00e9n\u00e9ralement dans les 48 \u00e0 72 heures.<\/p>\n\n\n\n<p>Apr\u00e8s avoir cliqu\u00e9 sur \u00ab\u00a0envoyer\u00a0\u00bb, vous serez redirig\u00e9 vers la page \u00ab\u00a0Blog\u00a0\u00bb.<\/p>\n\n\n<style>.kadence-form-5064_656fe4-2a .kadence-blocks-form-success{color:var(--global-palette1, #3182CE);background:rgba(0, 0, 0, 0.34);}.kb-form input.kadence-blocks-field.verify{opacity:0.0;position:absolute;top:0.0;left:0.0;width:0.0;height:0.0;z-index:-1;}<\/style>\n<div class=\"wp-block-kadence-form kadence-form-5064_656fe4-2a kb-form-wrap\"><form class=\"kb-form\" action=\"\" method=\"post\"><div class=\"kadence-blocks-form-field kb-field-desk-width-100 kb-input-size-standard\"><label for=\"kb_field_5064_656fe4-2a_0\">Pr\u00e9nom<span class=\"required\">*<\/span><\/label><input name=\"kb_field_0\" id=\"kb_field_5064_656fe4-2a_0\" data-label=\"Pr\u00e9nom\" type=\"text\" placeholder=\"\" value=\"\" data-type=\"text\" class=\"kb-field kb-text-style-field kb-text-field kb-field-0\" data-required=\"yes\"\/><\/div><div class=\"kadence-blocks-form-field kb-form-field-1 kb-field-desk-width-100 kb-input-size-standard\"><label for=\"kb_field_5064_656fe4-2a_1\">Email<span class=\"required\">*<\/span><\/label><input name=\"kb_field_1\" id=\"kb_field_5064_656fe4-2a_1\" data-label=\"Email\" type=\"email\" placeholder=\"\" value=\"\" data-type=\"email\" class=\"kb-field kb-text-style-field kb-email-field kb-field-1\" data-required=\"yes\"\/><\/div><div class=\"kadence-blocks-form-field kb-form-field-2 kb-field-desk-width-100 kb-input-size-standard\"><label for=\"kb_field_5064_656fe4-2a_2\">Laissez votre message ici<span class=\"required\">*<\/span><\/label><textarea name=\"kb_field_2\" id=\"kb_field_5064_656fe4-2a_2\" data-label=\"Laissez votre message ici\" type=\"textarea\" placeholder=\"\" data-type=\"textarea\" class=\"kb-field kb-text-style-field kb-textarea-field kb-field-2\" rows=\"4\" data-required=\"yes\"><\/textarea><\/div><div class=\"kadence-blocks-form-field kb-form-field-3 kb-field-desk-width-100 kb-input-size-standard kb-accept-form-field\"><input type=\"checkbox\" name=\"kb_field_3\" id=\"kb_field_5064_656fe4-2a_3\" class=\"kb-field kb-checkbox-style kb-accept\" value=\"accept\" data-type=\"accept\" data-required=\"yes\"\/><label for=\"kb_field_5064_656fe4-2a_3\">Accord RGPD<span class=\"required\">*<\/span><\/label><span class=\"kb-field-help\">En compl\u00e9tant ce formulaire, tu partages des informations personnelles qui seront g\u00e9r\u00e9es de mani\u00e8re s\u00e9curis\u00e9e et conform\u00e9ment au RGPD (R\u00e8glement G\u00e9n\u00e9ral sur la Protection des Donn\u00e9es). Ta l\u00e9gitimation est confirm\u00e9e par ton consentement explicite, indiqu\u00e9 en cochant la case d&rsquo;acceptation. Tu as le droit d&rsquo;acc\u00e9der \u00e0 tes donn\u00e9es, de les rectifier, de limiter leur traitement et de demander leur suppression d\u00e9finitive. Tu peux obtenir plus de d\u00e9tails sur la Protection des Donn\u00e9es dans notre politique de confidentialit\u00e9.<\/span><\/div><input type=\"hidden\" name=\"_kb_form_id\" value=\"5064_656fe4-2a\"\/><input type=\"hidden\" name=\"_kb_form_post_id\" value=\"5064\"\/><input type=\"hidden\" name=\"action\" value=\"kb_process_ajax_submit\"\/><label class=\"kadence-verify-label\">Email<input class=\"kadence-blocks-field verify\" type=\"text\" name=\"_kb_verify_email\" autocomplete=\"new-password\" aria-hidden=\"true\" placeholder=\"Email\" tabindex=\"-1\" data-1p-ignore=\"true\" data-lpignore=\"true\" \/><\/label><div class=\"kadence-blocks-form-field kb-submit-field kb-field-desk-width-100\"><button class=\"kb-forms-submit button kb-button-size-standard kb-button-width-auto\">ENVOYER<\/button><\/div><\/form><\/div>\n<noscript><div class=\"kadence-blocks-form-message kadence-blocks-form-warning\">Veuillez activer JavaScript dans votre navigateur pour envoyer le formulaire.<\/div><style>.kadence-form-5064_656fe4-2a .kadence-blocks-form-field.kb-submit-field { display: none; }<\/style><\/noscript>","protected":false},"excerpt":{"rendered":"<p>Bonjour ! Avez-vous d&rsquo;autres questions sans r\u00e9ponse ? Des doutes ou des curiosit\u00e9s sur Vienne ? Souhaitez-vous collaborer avec moi ? Si vous ne trouvez pas les informations que vous cherchez en utilisant la fonction de recherche (que vous trouvez en haut), n&rsquo;h\u00e9sitez pas \u00e0 me contacter via le formulaire ci-dessous. Je vous r\u00e9pondrai par&#8230;<\/p>\n","protected":false},"author":1,"featured_media":0,"parent":0,"menu_order":0,"comment_status":"closed","ping_status":"closed","template":"","meta":{"_editorskit_title_hidden":false,"_editorskit_reading_time":0,"_editorskit_is_block_options_detached":false,"_editorskit_block_options_position":"{}","_kad_blocks_custom_css":"","_kad_blocks_head_custom_js":"","_kad_blocks_body_custom_js":"","_kad_blocks_footer_custom_js":"","_kadence_starter_templates_imported_post":false,"_kad_post_transparent":"","_kad_post_title":"","_kad_post_layout":"","_kad_post_sidebar_id":"","_kad_post_content_style":"","_kad_post_vertical_padding":"","_kad_post_feature":"","_kad_post_feature_position":"","_kad_post_header":false,"_kad_post_footer":false,"footnotes":""},"class_list":["post-5064","page","type-page","status-publish","hentry"],"taxonomy_info":[],"featured_image_src_large":false,"author_info":{"display_name":"Alex","author_link":"https:\/\/viennaguru.com\/fr\/author\/alexb89\/"},"comment_info":0,"_links":{"self":[{"href":"https:\/\/viennaguru.com\/fr\/wp-json\/wp\/v2\/pages\/5064","targetHints":{"allow":["GET"]}}],"collection":[{"href":"https:\/\/viennaguru.com\/fr\/wp-json\/wp\/v2\/pages"}],"about":[{"href":"https:\/\/viennaguru.com\/fr\/wp-json\/wp\/v2\/types\/page"}],"author":[{"embeddable":true,"href":"https:\/\/viennaguru.com\/fr\/wp-json\/wp\/v2\/users\/1"}],"replies":[{"embeddable":true,"href":"https:\/\/viennaguru.com\/fr\/wp-json\/wp\/v2\/comments?post=5064"}],"version-history":[{"count":8,"href":"https:\/\/viennaguru.com\/fr\/wp-json\/wp\/v2\/pages\/5064\/revisions"}],"predecessor-version":[{"id":5133,"href":"https:\/\/viennaguru.com\/fr\/wp-json\/wp\/v2\/pages\/5064\/revisions\/5133"}],"wp:attachment":[{"href":"https:\/\/viennaguru.com\/fr\/wp-json\/wp\/v2\/media?parent=5064"}],"curies":[{"name":"wp","href":"https:\/\/api.w.org\/{rel}","templated":true}]}}