{"id":6803,"date":"2024-06-12T09:34:12","date_gmt":"2024-06-12T09:34:12","guid":{"rendered":"https:\/\/viennaguru.com\/termini-e-condizioni-duso\/"},"modified":"2024-06-12T14:37:34","modified_gmt":"2024-06-12T14:37:34","slug":"conditions-generales-dutilisation","status":"publish","type":"page","link":"https:\/\/viennaguru.com\/fr\/conditions-generales-dutilisation\/","title":{"rendered":"Conditions g\u00e9n\u00e9rales d&rsquo;Utilisation"},"content":{"rendered":"\n<p>Bienvenue sur Vienna Guru (<a href=\"https:\/\/viennaguru.com\/fr\/\" class=\"ek-link\">viennaguru.com<\/a>). Notre site est un guide pratique et gratuit con\u00e7u pour aider les utilisateurs \u00e0 planifier eux-m\u00eames leurs voyages \u00e0 Vienne.<\/p>\n\n\n\n<p>En acc\u00e9dant et en utilisant notre site, vous acceptez de respecter les Termes et Conditions suivants et vous d\u00e9clarez avoir la capacit\u00e9 juridique de l&rsquo;utiliser conform\u00e9ment aux Termes et Conditions d&rsquo;utilisation.<\/p>\n\n\n\n<h2 class=\"wp-block-heading\">Responsabilit\u00e9 des Utilisateurs<\/h2>\n\n\n\n<p>Les utilisateurs doivent utiliser le site de mani\u00e8re l\u00e9gale et respectueuse. Ils doivent \u00e9viter tout comportements pouvant endommager, d\u00e9sactiver, surcharger ou compromettre le site ou interf\u00e9rer avec l&rsquo;utilisation et la jouissance du site par d&rsquo;autres utilisateurs. Les utilisateurs sont responsables de v\u00e9rifier r\u00e9guli\u00e8rement les Termes pour d&rsquo;\u00e9ventuelles mises \u00e0 jour. Toute utilisation inappropri\u00e9e du site, incluant, mais sans s&rsquo;y limiter, des tentatives de piratage, l&rsquo;envoi de spam ou le t\u00e9l\u00e9chargement de contenus nuisibles, entra\u00eenera la suspension ou la cessation imm\u00e9diate de l&rsquo;acc\u00e8s au site.<\/p>\n\n\n\n<h2 class=\"wp-block-heading\">R\u00e9servations via des liens et widgets<\/h2>\n\n\n\n<p>Vienna Guru participe \u00e0 des programmes d&rsquo;affiliation avec booking.com, getyourguide.com, civitatis.com et tiqets.com. Les liens pr\u00e9sents sur le site, qui m\u00e8nent aux sites mentionn\u00e9s, peuvent g\u00e9n\u00e9rer une petite commission, sans aucun surco\u00fbt pour l&rsquo;utilisateur.<\/p>\n\n\n\n<p>Viennaguru.com est soutenu uniquement par ses visiteurs, qui en achetant des services n\u00e9cessaires pour le voyage (par exemple une nuit\u00e9e sur Booking) via nos liens, permettent au site de rester actif, de couvrir les frais et de continuer \u00e0 \u00eatre une ressource gratuite pour tous.<\/p>\n\n\n\n<h2 class=\"wp-block-heading\">Droits de Propri\u00e9t\u00e9 Intellectuelle<\/h2>\n\n\n\n<p>Tous les contenus du site, y compris textes, images, logos, et autres mat\u00e9riaux, sont la propri\u00e9t\u00e9 exclusive d&rsquo;Alex Bulla et sont prot\u00e9g\u00e9s par les lois sur le droit d&rsquo;auteur et autres droits de propri\u00e9t\u00e9 intellectuelle.<\/p>\n\n\n\n<p>Toute reproduction, m\u00eame partielle, des contenus sans le consentement \u00e9crit explicite du propri\u00e9taire est interdite. Les utilisateurs peuvent acc\u00e9der aux contenus du site uniquement pour un usage personnel et non commercial. Toute utilisation non autoris\u00e9e, incluant la modification, copie, transmission, affichage, ex\u00e9cution, reproduction, publication, cr\u00e9ation d&rsquo;\u0153uvres d\u00e9riv\u00e9es, transfert ou vente d&rsquo;informations est strictement interdite.<\/p>\n\n\n\n<h2 class=\"wp-block-heading\">Exclusion de Responsabilit\u00e9 et Limitation de Responsabilit\u00e9<\/h2>\n\n\n\n<p>Tous les contenus du site sont fournis \u00ab\u00a0tels quels\u00a0\u00bb, sans garantie d&rsquo;aucune sorte, explicite ou implicite. Nous ne garantissons pas l&rsquo;exactitude ou l&rsquo;exhaustivit\u00e9 des informations et ne sommes pas responsables des erreurs ou omissions. Nous d\u00e9clinons toute responsabilit\u00e9 pour les dommages r\u00e9sultant de l&rsquo;utilisation ou de l&rsquo;incapacit\u00e9 d&rsquo;utiliser le site.<\/p>\n\n\n\n<p><strong>Important<\/strong> : Je m&rsquo;efforce de maintenir le site \u00e0 jour et je visite Vienne au moins une fois par an, cependant il arrive que certaines informations changent rapidement et sans pr\u00e9avis. Cela rend difficile la garantie que toutes les informations soient \u00e0 100 % \u00e0 jour et correctes.<\/p>\n\n\n\n<h2 class=\"wp-block-heading\">Loi Applicable et Juridiction<\/h2>\n\n\n\n<p>Ces Termes et Conditions sont r\u00e9gis par les lois italiennes. Tout litige d\u00e9coulant de ou li\u00e9 \u00e0 ces Termes sera soumis \u00e0 la juridiction exclusive des tribunaux italiens. En utilisant le site, les utilisateurs acceptent de se soumettre \u00e0 la juridiction de ces tribunaux pour la r\u00e9solution de tout litige juridique.<\/p>\n\n\n\n<h2 class=\"wp-block-heading\">Modifications des Termes et Conditions<\/h2>\n\n\n\n<p>Nous nous r\u00e9servons le droit de modifier les Termes et Conditions \u00e0 tout moment et \u00e0 notre seule discr\u00e9tion. Les modifications seront effectives imm\u00e9diatement apr\u00e8s leur publication sur le site. Il est de la responsabilit\u00e9 des utilisateurs de v\u00e9rifier p\u00e9riodiquement les Termes pour d&rsquo;\u00e9ventuelles modifications. L&rsquo;utilisation continue du site implique l&rsquo;acceptation des modifications apport\u00e9es.<\/p>\n\n\n\n<h2 class=\"wp-block-heading\">Contact et Signalement des Violations<\/h2>\n\n\n\n<p>Pour des questions, commentaires ou signalements de violations des Termes et Conditions, les utilisateurs peuvent nous contacter via notre <a href=\"https:\/\/viennaguru.com\/fr\/contact\/\" class=\"ek-link\">page de contact<\/a>. Nous nous engageons \u00e0 r\u00e9pondre rapidement \u00e0 toutes les demandes et \u00e0 prendre les mesures appropri\u00e9es en cas de violations signal\u00e9es.<\/p>\n","protected":false},"excerpt":{"rendered":"<p>Bienvenue sur Vienna Guru (viennaguru.com). Notre site est un guide pratique et gratuit con\u00e7u pour aider les utilisateurs \u00e0 planifier eux-m\u00eames leurs voyages \u00e0 Vienne. En acc\u00e9dant et en utilisant notre site, vous acceptez de respecter les Termes et Conditions suivants et vous d\u00e9clarez avoir la capacit\u00e9 juridique de l&rsquo;utiliser conform\u00e9ment aux Termes et Conditions&#8230;<\/p>\n","protected":false},"author":1,"featured_media":0,"parent":0,"menu_order":0,"comment_status":"closed","ping_status":"closed","template":"","meta":{"_editorskit_title_hidden":false,"_editorskit_reading_time":0,"_editorskit_is_block_options_detached":false,"_editorskit_block_options_position":"{}","_kad_blocks_custom_css":"","_kad_blocks_head_custom_js":"","_kad_blocks_body_custom_js":"","_kad_blocks_footer_custom_js":"","_kadence_starter_templates_imported_post":false,"_kad_post_transparent":"","_kad_post_title":"","_kad_post_layout":"","_kad_post_sidebar_id":"","_kad_post_content_style":"","_kad_post_vertical_padding":"","_kad_post_feature":"","_kad_post_feature_position":"","_kad_post_header":false,"_kad_post_footer":false,"footnotes":""},"class_list":["post-6803","page","type-page","status-publish","hentry"],"taxonomy_info":[],"featured_image_src_large":false,"author_info":{"display_name":"Alex","author_link":"https:\/\/viennaguru.com\/fr\/author\/alexb89\/"},"comment_info":0,"_links":{"self":[{"href":"https:\/\/viennaguru.com\/fr\/wp-json\/wp\/v2\/pages\/6803","targetHints":{"allow":["GET"]}}],"collection":[{"href":"https:\/\/viennaguru.com\/fr\/wp-json\/wp\/v2\/pages"}],"about":[{"href":"https:\/\/viennaguru.com\/fr\/wp-json\/wp\/v2\/types\/page"}],"author":[{"embeddable":true,"href":"https:\/\/viennaguru.com\/fr\/wp-json\/wp\/v2\/users\/1"}],"replies":[{"embeddable":true,"href":"https:\/\/viennaguru.com\/fr\/wp-json\/wp\/v2\/comments?post=6803"}],"version-history":[{"count":3,"href":"https:\/\/viennaguru.com\/fr\/wp-json\/wp\/v2\/pages\/6803\/revisions"}],"predecessor-version":[{"id":6806,"href":"https:\/\/viennaguru.com\/fr\/wp-json\/wp\/v2\/pages\/6803\/revisions\/6806"}],"wp:attachment":[{"href":"https:\/\/viennaguru.com\/fr\/wp-json\/wp\/v2\/media?parent=6803"}],"curies":[{"name":"wp","href":"https:\/\/api.w.org\/{rel}","templated":true}]}}